{"id":280,"date":"2025-06-15T13:56:23","date_gmt":"2025-06-15T13:56:23","guid":{"rendered":"https:\/\/papasbelgas.es\/?page_id=280"},"modified":"2025-08-15T22:57:35","modified_gmt":"2025-08-15T22:57:35","slug":"elementor-280","status":"publish","type":"page","link":"https:\/\/papasbelgas.es\/en\/","title":{"rendered":"HOME"},"content":{"rendered":"<div data-elementor-type=\"wp-page\" data-elementor-id=\"280\" class=\"elementor elementor-280\" data-elementor-post-type=\"page\">\n\t\t\t\t<div class=\"elementor-element elementor-element-9f8d8c2 e-flex e-con-boxed e-con e-parent\" data-id=\"9f8d8c2\" data-element_type=\"container\" data-e-type=\"container\">\n\t\t\t\t\t<div class=\"e-con-inner\">\n\t\t\t\t<div class=\"elementor-element elementor-element-302a86f elementor-widget elementor-widget-text-editor\" data-id=\"302a86f\" data-element_type=\"widget\" data-e-type=\"widget\" data-widget_type=\"text-editor.default\">\n\t\t\t\t\t\t\t\t\t<h5 style=\"text-align: center;\"><strong>Belgian potatoes like you've never tasted them before.<\/strong><\/h5><p style=\"text-align: center;\">Homemade sauces. Fried meat. Mitraillettes and more.<\/p>\t\t\t\t\t\t\t\t<\/div>\n\t\t\t\t<div class=\"elementor-element elementor-element-b1a72da elementor-mobile-align-center elementor-widget elementor-widget-button\" data-id=\"b1a72da\" data-element_type=\"widget\" data-e-type=\"widget\" data-widget_type=\"button.default\">\n\t\t\t\t\t\t\t\t\t\t<a class=\"elementor-button elementor-button-link elementor-size-sm elementor-animation-grow-rotate\" href=\"https:\/\/papasbelgas.es\/en\/carta\/\">\n\t\t\t\t\t\t<span class=\"elementor-button-content-wrapper\">\n\t\t\t\t\t\t\t\t\t<span class=\"elementor-button-text\">See the Menu<\/span>\n\t\t\t\t\t<\/span>\n\t\t\t\t\t<\/a>\n\t\t\t\t\t\t\t\t<\/div>\n\t\t\t\t\t<\/div>\n\t\t\t\t<\/div>\n\t\t<div class=\"elementor-element elementor-element-d3b781d e-flex e-con-boxed e-con e-parent\" data-id=\"d3b781d\" data-element_type=\"container\" data-e-type=\"container\">\n\t\t\t\t\t<div class=\"e-con-inner\">\n\t\t\t\t<div class=\"elementor-element elementor-element-1b9c060 elementor-widget elementor-widget-text-editor\" data-id=\"1b9c060\" data-element_type=\"widget\" data-e-type=\"widget\" data-widget_type=\"text-editor.default\">\n\t\t\t\t\t\t\t\t\t<p style=\"text-align: center;\"><strong data-start=\"264\" data-end=\"321\">Who said potatoes were just a side dish?<\/strong><br data-start=\"321\" data-end=\"324\" \/>Here, they are the star of the dish. Crispy, golden brown and with more sauces than excuses to come back.<\/p>\t\t\t\t\t\t\t\t<\/div>\n\t\t\t\t\t<\/div>\n\t\t\t\t<\/div>\n\t\t<div class=\"elementor-element elementor-element-9ac8db4 e-flex e-con-boxed e-con e-parent\" data-id=\"9ac8db4\" data-element_type=\"container\" data-e-type=\"container\">\n\t\t\t\t\t<div class=\"e-con-inner\">\n\t\t\t\t<div class=\"elementor-element elementor-element-3f0ef93 e-transform e-transform elementor-widget elementor-widget-text-editor\" data-id=\"3f0ef93\" data-element_type=\"widget\" data-e-type=\"widget\" data-settings=\"{&quot;_transform_rotateZ_effect_mobile&quot;:{&quot;unit&quot;:&quot;deg&quot;,&quot;size&quot;:0,&quot;sizes&quot;:[]},&quot;_transform_translateX_effect_mobile&quot;:{&quot;unit&quot;:&quot;px&quot;,&quot;size&quot;:0,&quot;sizes&quot;:[]},&quot;_transform_rotateZ_effect&quot;:{&quot;unit&quot;:&quot;px&quot;,&quot;size&quot;:&quot;&quot;,&quot;sizes&quot;:[]},&quot;_transform_rotateZ_effect_tablet&quot;:{&quot;unit&quot;:&quot;deg&quot;,&quot;size&quot;:&quot;&quot;,&quot;sizes&quot;:[]},&quot;_transform_translateX_effect&quot;:{&quot;unit&quot;:&quot;px&quot;,&quot;size&quot;:&quot;&quot;,&quot;sizes&quot;:[]},&quot;_transform_translateX_effect_tablet&quot;:{&quot;unit&quot;:&quot;px&quot;,&quot;size&quot;:&quot;&quot;,&quot;sizes&quot;:[]},&quot;_transform_translateY_effect&quot;:{&quot;unit&quot;:&quot;px&quot;,&quot;size&quot;:&quot;&quot;,&quot;sizes&quot;:[]},&quot;_transform_translateY_effect_tablet&quot;:{&quot;unit&quot;:&quot;px&quot;,&quot;size&quot;:&quot;&quot;,&quot;sizes&quot;:[]},&quot;_transform_translateY_effect_mobile&quot;:{&quot;unit&quot;:&quot;px&quot;,&quot;size&quot;:&quot;&quot;,&quot;sizes&quot;:[]}}\" data-widget_type=\"text-editor.default\">\n\t\t\t\t\t\t\t\t\t<h6 data-start=\"171\" data-end=\"189\">\ud83d\udd53 <strong data-start=\"178\" data-end=\"189\">Horario de apertura<\/strong><\/h6><blockquote><p data-start=\"191\" data-end=\"258\"><strong>Lunes y martes<\/strong><\/p><p data-start=\"191\" data-end=\"258\">19:00 &#8211; 23:00h<\/p><p data-start=\"191\" data-end=\"258\"><strong data-start=\"191\" data-end=\"222\">Wednesday, Thursday and Sunday<\/strong><\/p><p data-start=\"191\" data-end=\"258\">13:00 \u2013 15:30 h \u00b7 19:00 \u2013 23:00 h<\/p><p data-start=\"260\" data-end=\"315\"><strong data-start=\"260\" data-end=\"280\">Friday and Saturday<\/strong><br data-start=\"280\" data-end=\"283\" \/>13:00 \u2013 15:30 h \u00b7 19:00 \u2013 00:00 h<\/p><p data-start=\"317\" data-end=\"343\">(Lunes y martes mediod\u00eda cerrado)<\/p><p data-start=\"317\" data-end=\"343\"><em>\ud83d\udccc El horario de cierre puede variar en funci\u00f3n de la afluencia de clientes. Recomendamos llamar para confirmar.<\/em><\/p><\/blockquote>\t\t\t\t\t\t\t\t<\/div>\n\t\t\t\t\t<\/div>\n\t\t\t\t<\/div>\n\t\t<div class=\"elementor-element elementor-element-561af3e e-flex e-con-boxed e-con e-parent\" data-id=\"561af3e\" data-element_type=\"container\" data-e-type=\"container\">\n\t\t\t\t\t<div class=\"e-con-inner\">\n\t\t\t\t<div class=\"elementor-element elementor-element-9a8b0cc elementor-widget elementor-widget-text-editor\" data-id=\"9a8b0cc\" data-element_type=\"widget\" data-e-type=\"widget\" data-widget_type=\"text-editor.default\">\n\t\t\t\t\t\t\t\t\t<h6 data-start=\"240\" data-end=\"267\"><strong>\ud83d\udccd Where to find us?<\/strong><\/h6><p data-start=\"269\" data-end=\"390\"><strong data-start=\"269\" data-end=\"286\">Papa's Belgians<\/strong> is in the heart of La Pineda:<br data-start=\"319\" data-end=\"322\" \/>\ud83d\udccd <em data-start=\"325\" data-end=\"390\">Carrer d'Hip\u00f2lit L\u00e1zaro, 8, Local 9, 43481 La Pineda, Tarragona<\/em><\/p><p style=\"text-align: center;\" data-start=\"392\" data-end=\"767\"><strong><a class=\"cursor-pointer\" href=\"https:\/\/www.google.com\/maps\/place\/Papa's+Belgas\/@41.0745098,1.1787708,21z\/data=!4m15!1m8!3m7!1s0x12a158560f3cbb6f:0x4b1bd8ec40c67de!2sCarrer+d'Hip%C3%B2lit+L%C3%A1zaro,+8,+L9,+43481+La+Pineda,+Tarragona!3b1!8m2!3d41.0744618!4d1.1788518!16s%2Fg%2F11snpcr1vl!3m5!1s0x12a159f174a7ba17:0xd2b49504c87b1e4c!8m2!3d41.0744618!4d1.1788518!16s%2Fg%2F11vzsk1yrl?entry=ttu&amp;g_ep=EgoyMDI1MDYxMS4wIKXMDSoASAFQAw%3D%3D\" target=\"_new\" rel=\"noopener\" data-start=\"392\" data-end=\"767\">\ud83d\udc49 View on Google Maps<\/a><\/strong><\/p>\t\t\t\t\t\t\t\t<\/div>\n\t\t\t\t<div class=\"elementor-element elementor-element-a4e05a4 elementor-widget elementor-widget-text-editor\" data-id=\"a4e05a4\" data-element_type=\"widget\" data-e-type=\"widget\" data-widget_type=\"text-editor.default\">\n\t\t\t\t\t\t\t\t\t<h6 data-start=\"571\" data-end=\"602\">\u260e\ufe0f <strong data-start=\"578\" data-end=\"600\">Bookings and orders<\/strong><\/h6><p data-start=\"603\" data-end=\"647\">\ud83d\udcde <a class=\"cursor-pointer\" href=\"tel:+34622653873\" rel=\"noopener\" data-start=\"606\" data-end=\"647\">Call us on 622 65 38 73<\/a><\/p>\t\t\t\t\t\t\t\t<\/div>\n\t\t\t\t\t<\/div>\n\t\t\t\t<\/div>\n\t\t\t\t<\/div>","protected":false},"excerpt":{"rendered":"<p>Patatas belgas como nunca las has probado. Salsas artesanas. Carne frita. Mitraillettes y m\u00e1s. Ver la carta \u00bfQui\u00e9n dijo que las patatas eran solo una guarnici\u00f3n?Aqu\u00ed, son la estrella del plato. Crujientes, doradas y con m\u00e1s salsas que excusas para volver. \ud83d\udd53 Horario de apertura Lunes y martes 19:00 &#8211; 23:00h Mi\u00e9rcoles, jueves y domingo [&hellip;]<\/p>\n","protected":false},"author":1,"featured_media":0,"parent":0,"menu_order":0,"comment_status":"closed","ping_status":"closed","template":"","meta":{"footnotes":""},"class_list":["post-280","page","type-page","status-publish","hentry"],"_links":{"self":[{"href":"https:\/\/papasbelgas.es\/en\/wp-json\/wp\/v2\/pages\/280","targetHints":{"allow":["GET"]}}],"collection":[{"href":"https:\/\/papasbelgas.es\/en\/wp-json\/wp\/v2\/pages"}],"about":[{"href":"https:\/\/papasbelgas.es\/en\/wp-json\/wp\/v2\/types\/page"}],"author":[{"embeddable":true,"href":"https:\/\/papasbelgas.es\/en\/wp-json\/wp\/v2\/users\/1"}],"replies":[{"embeddable":true,"href":"https:\/\/papasbelgas.es\/en\/wp-json\/wp\/v2\/comments?post=280"}],"version-history":[{"count":16,"href":"https:\/\/papasbelgas.es\/en\/wp-json\/wp\/v2\/pages\/280\/revisions"}],"predecessor-version":[{"id":314,"href":"https:\/\/papasbelgas.es\/en\/wp-json\/wp\/v2\/pages\/280\/revisions\/314"}],"wp:attachment":[{"href":"https:\/\/papasbelgas.es\/en\/wp-json\/wp\/v2\/media?parent=280"}],"curies":[{"name":"wp","href":"https:\/\/api.w.org\/{rel}","templated":true}]}}